{"id":4558,"date":"2025-10-04T10:10:37","date_gmt":"2025-10-04T10:10:37","guid":{"rendered":"https:\/\/amigowebster.in\/bigbayan\/?post_type=product&#038;p=4558"},"modified":"2025-10-10T10:25:32","modified_gmt":"2025-10-10T10:25:32","slug":"grand-tote-bag-matelasse-coton-43x35-indi-nomad-bag-palmier","status":"publish","type":"product","link":"https:\/\/amigowebster.in\/bigbayan\/product\/grand-tote-bag-matelasse-coton-43x35-indi-nomad-bag-palmier\/","title":{"rendered":"Grand Tote Bag Matelass\u00e9  Coton &#8211; 43&#215;35 Indi Nomad\u00a0Bag\u00a0Palmier"},"content":{"rendered":"<h6>Indi Nomad\u00a0Bag\u00a0Palmier<\/h6>\n<p>&nbsp;<\/p>\n<p>&nbsp;<\/p>\n<p><strong>DESCRIPTION<\/strong><\/p>\n<p>Ce cabas matelass\u00e9 Indi Nomad Bag transforme votre quotidien en moment styl\u00e9 et pratique. Spacieux, l\u00e9ger et ultra fonctionnel, il accompagne toutes vos tenues avec \u00e9l\u00e9gance et caract\u00e8re, que ce soit au bureau, en ville ou pour vos sorties. Un accessoire mode intemporel, pens\u00e9 pour allier style et praticit\u00e9 au quotidien.<\/p>\n<p>&nbsp;<\/p>\n<p>Poche int\u00e9rieure pour garder vos essentiels organis\u00e9s<\/p>\n<p>&nbsp;<\/p>\n<p>Lavable en machine, pratique et durable<\/p>\n<p>&nbsp;<\/p>\n<p>Dimensions : H 35 cm \u00d7 L 43 cm \u00d7 P 14 cm<\/p>\n<p>&nbsp;<\/p>\n<p><strong>COMPOSITION &amp; ENTRETIEN<\/strong><\/p>\n<p>Tissu indien 100% coton.<br \/>\nDoublure 100% coton.<br \/>\nGarnissage 100% polyester.<\/p>\n<p>Lavage machine 30\u00b0 normal<\/p>\n<p>Blanchiment interdit<\/p>\n<p>S\u00e9chage tambour interdit<\/p>\n<p>Repassage interdit<\/p>\n<p>Nettoyage \u00e0 sec interdit<\/p>\n<p>&nbsp;<\/p>\n<p>Taxes incluses. Frais d\u2019exp\u00e9dition calcul\u00e9s\u00a0au\u00a0paiement.<\/p>\n","protected":false},"excerpt":{"rendered":"<p>Indi Nomad\u00a0Bag\u00a0Palmier &nbsp; &nbsp; DESCRIPTION Ce cabas matelass\u00e9 Indi Nomad Bag transforme votre quotidien en moment styl\u00e9 et pratique. Spacieux, l\u00e9ger et ultra fonctionnel, il accompagne toutes vos tenues avec \u00e9l\u00e9gance et caract\u00e8re, que ce soit au bureau, en ville ou pour vos sorties. Un accessoire mode intemporel, pens\u00e9 pour allier style et praticit\u00e9 au quotidien. &nbsp; Poche int\u00e9rieure pour garder vos essentiels organis\u00e9s &nbsp; Lavable en machine, pratique et durable &nbsp; Dimensions : H 35 cm \u00d7 L 43 cm \u00d7 P 14 cm &nbsp; COMPOSITION &amp; ENTRETIEN Tissu indien 100% coton. Doublure 100% coton. Garnissage 100% polyester. Lavage machine 30\u00b0 normal Blanchiment interdit S\u00e9chage tambour interdit Repassage interdit Nettoyage \u00e0 sec interdit &nbsp; Taxes incluses. Frais d\u2019exp\u00e9dition calcul\u00e9s\u00a0au\u00a0paiement.<\/p>\n","protected":false},"featured_media":4559,"comment_status":"open","ping_status":"closed","template":"","meta":{"_acf_changed":false,"_eb_attr":""},"product_brand":[],"product_cat":[74],"product_tag":[],"class_list":{"0":"post-4558","1":"product","2":"type-product","3":"status-publish","4":"has-post-thumbnail","6":"product_cat-bags-co","8":"first","9":"instock","10":"shipping-taxable","11":"purchasable","12":"product-type-simple"},"supplier_id":null,"supplier_sku":"","barcode":null,"atum_controlled":true,"out_stock_date":null,"out_stock_threshold":null,"inheritable":false,"inbound_stock":null,"stock_on_hold":0,"sold_today":0,"sales_last_days":0,"reserved_stock":null,"customer_returns":null,"warehouse_damage":null,"lost_in_post":null,"other_logs":null,"out_stock_days":0,"lost_sales":0,"has_location":null,"update_date":"2026-04-19T09:54:12","atum_locations":[],"atum_stock_status":"instock","restock_status":false,"low_stock_amount":"","sales_update_date":"2026-04-19T09:54:12","calc_backorders":null,"acf":[],"_links":{"self":[{"href":"https:\/\/amigowebster.in\/bigbayan\/wp-json\/wp\/v2\/product\/4558","targetHints":{"allow":["GET"]}}],"collection":[{"href":"https:\/\/amigowebster.in\/bigbayan\/wp-json\/wp\/v2\/product"}],"about":[{"href":"https:\/\/amigowebster.in\/bigbayan\/wp-json\/wp\/v2\/types\/product"}],"replies":[{"embeddable":true,"href":"https:\/\/amigowebster.in\/bigbayan\/wp-json\/wp\/v2\/comments?post=4558"}],"wp:featuredmedia":[{"embeddable":true,"href":"https:\/\/amigowebster.in\/bigbayan\/wp-json\/wp\/v2\/media\/4559"}],"wp:attachment":[{"href":"https:\/\/amigowebster.in\/bigbayan\/wp-json\/wp\/v2\/media?parent=4558"}],"wp:term":[{"taxonomy":"product_brand","embeddable":true,"href":"https:\/\/amigowebster.in\/bigbayan\/wp-json\/wp\/v2\/product_brand?post=4558"},{"taxonomy":"product_cat","embeddable":true,"href":"https:\/\/amigowebster.in\/bigbayan\/wp-json\/wp\/v2\/product_cat?post=4558"},{"taxonomy":"product_tag","embeddable":true,"href":"https:\/\/amigowebster.in\/bigbayan\/wp-json\/wp\/v2\/product_tag?post=4558"}],"curies":[{"name":"wp","href":"https:\/\/api.w.org\/{rel}","templated":true}]}}